{"id":17,"date":"2016-04-21T04:12:53","date_gmt":"2016-04-21T02:12:53","guid":{"rendered":"http:\/\/lsmgroup.it\/?page_id=17"},"modified":"2021-12-16T12:14:50","modified_gmt":"2021-12-16T11:14:50","slug":"lsm-dans-le-monde","status":"publish","type":"page","link":"https:\/\/staging.lsmgroup.it\/fr\/lsm-dans-le-monde\/","title":{"rendered":"LSM DANS LE MONDE"},"content":{"rendered":"<p><\/p>\n<p class=\"p1\"><span class=\"s1\"><b>LSM Group exporte partout dans le monde<\/b><\/span><span class=\"s2\">, r\u00e9ussissant \u00e0 distribuer ses produits <\/span><span class=\"s1\"><b>sur les march\u00e9s mondiaux \u00e0 tous les niveaux<\/b><\/span><span class=\"s2\">\u00a0: vente au d\u00e9tail, restauration, gourmet-delikatessen, grande surface, march\u00e9 de gros et traiteur.\u00a0<\/span><\/p>\n<p class=\"p1\"><span class=\"s1\"><b>L\u2019\u00e9quipe commerciale conseille et supporte<\/b><\/span><span class=\"s2\"> l\u2019acheteur dans ses choix et sugg\u00e8re le produit adapt\u00e9 \u00e0 toutes les exigences, en proposant <\/span><span class=\"s1\"><b>des promotions avantageuses<\/b><\/span><span class=\"s2\">. Gr\u00e2ce \u00e0 leur savoir-faire et leur professionnalisme, l\u2019entreprise est devenue un v\u00e9ritable partenaire pour les clients.<\/span><\/p>\n<p><\/p>","protected":false},"excerpt":{"rendered":"<p>D\u00e9sol\u00e9, cet article est seulement disponible en Italiano et English.<\/p>\n","protected":false},"author":1,"featured_media":445,"parent":0,"menu_order":0,"comment_status":"closed","ping_status":"closed","template":"","meta":{"footnotes":""},"class_list":["post-17","page","type-page","status-publish","has-post-thumbnail","hentry"],"_links":{"self":[{"href":"https:\/\/staging.lsmgroup.it\/fr\/wp-json\/wp\/v2\/pages\/17","targetHints":{"allow":["GET"]}}],"collection":[{"href":"https:\/\/staging.lsmgroup.it\/fr\/wp-json\/wp\/v2\/pages"}],"about":[{"href":"https:\/\/staging.lsmgroup.it\/fr\/wp-json\/wp\/v2\/types\/page"}],"author":[{"embeddable":true,"href":"https:\/\/staging.lsmgroup.it\/fr\/wp-json\/wp\/v2\/users\/1"}],"replies":[{"embeddable":true,"href":"https:\/\/staging.lsmgroup.it\/fr\/wp-json\/wp\/v2\/comments?post=17"}],"version-history":[{"count":33,"href":"https:\/\/staging.lsmgroup.it\/fr\/wp-json\/wp\/v2\/pages\/17\/revisions"}],"predecessor-version":[{"id":2088,"href":"https:\/\/staging.lsmgroup.it\/fr\/wp-json\/wp\/v2\/pages\/17\/revisions\/2088"}],"wp:featuredmedia":[{"embeddable":true,"href":"https:\/\/staging.lsmgroup.it\/fr\/wp-json\/wp\/v2\/media\/445"}],"wp:attachment":[{"href":"https:\/\/staging.lsmgroup.it\/fr\/wp-json\/wp\/v2\/media?parent=17"}],"curies":[{"name":"wp","href":"https:\/\/api.w.org\/{rel}","templated":true}]}}