{"id":15,"date":"2016-04-21T04:12:31","date_gmt":"2016-04-21T02:12:31","guid":{"rendered":"http:\/\/lsmgroup.it\/?page_id=15"},"modified":"2024-09-30T15:26:48","modified_gmt":"2024-09-30T13:26:48","slug":"point-de-vente","status":"publish","type":"page","link":"https:\/\/staging.lsmgroup.it\/fr\/point-de-vente\/","title":{"rendered":"Point de vente"},"content":{"rendered":"<p><\/p>\n<p class=\"p1\"><span class=\"s1\">Le <\/span><span class=\"s2\"><b>point de vente au d\u00e9tail se<\/b><\/span><span class=\"s1\"> trouve dans l\u2019\u00e9tablissement principal de Latteria Sociale Mantova, via Kennedy 48, <\/span><span class=\"s2\"><b>\u00e0 Porto Mantovano<\/b><\/span><span class=\"s1\">. Un espace o\u00f9 le public peut choisir la qualit\u00e9 des produits sous marque mais aussi de <\/span><span class=\"s2\"><b>d\u00e9licieuses sp\u00e9cialit\u00e9s locales<\/b><\/span><span class=\"s1\">, soigneusement s\u00e9lectionn\u00e9es pour ne pas d\u00e9cevoir les palais les plus exigeants.<\/span><\/p>\n<p><\/p>","protected":false},"excerpt":{"rendered":"<p>Le point de vente au d\u00e9tail se trouve dans l\u2019\u00e9tablissement [&hellip;]<\/p>\n","protected":false},"author":1,"featured_media":433,"parent":0,"menu_order":0,"comment_status":"closed","ping_status":"closed","template":"","meta":{"footnotes":""},"class_list":["post-15","page","type-page","status-publish","has-post-thumbnail","hentry"],"_links":{"self":[{"href":"https:\/\/staging.lsmgroup.it\/fr\/wp-json\/wp\/v2\/pages\/15","targetHints":{"allow":["GET"]}}],"collection":[{"href":"https:\/\/staging.lsmgroup.it\/fr\/wp-json\/wp\/v2\/pages"}],"about":[{"href":"https:\/\/staging.lsmgroup.it\/fr\/wp-json\/wp\/v2\/types\/page"}],"author":[{"embeddable":true,"href":"https:\/\/staging.lsmgroup.it\/fr\/wp-json\/wp\/v2\/users\/1"}],"replies":[{"embeddable":true,"href":"https:\/\/staging.lsmgroup.it\/fr\/wp-json\/wp\/v2\/comments?post=15"}],"version-history":[{"count":44,"href":"https:\/\/staging.lsmgroup.it\/fr\/wp-json\/wp\/v2\/pages\/15\/revisions"}],"predecessor-version":[{"id":2289,"href":"https:\/\/staging.lsmgroup.it\/fr\/wp-json\/wp\/v2\/pages\/15\/revisions\/2289"}],"wp:featuredmedia":[{"embeddable":true,"href":"https:\/\/staging.lsmgroup.it\/fr\/wp-json\/wp\/v2\/media\/433"}],"wp:attachment":[{"href":"https:\/\/staging.lsmgroup.it\/fr\/wp-json\/wp\/v2\/media?parent=15"}],"curies":[{"name":"wp","href":"https:\/\/api.w.org\/{rel}","templated":true}]}}