{"id":13,"date":"2016-04-21T04:10:38","date_gmt":"2016-04-21T02:10:38","guid":{"rendered":"http:\/\/lsmgroup.it\/?page_id=13"},"modified":"2019-02-01T17:34:08","modified_gmt":"2019-02-01T16:34:08","slug":"filiere","status":"publish","type":"page","link":"https:\/\/staging.lsmgroup.it\/fr\/filiere\/","title":{"rendered":"FILI\u00c8RE"},"content":{"rendered":"<p><\/p>\n<p class=\"p1\"><span class=\"s1\">Pour Latteria Sociale Mantova, qualit\u00e9 cela veut dire disposer d\u2019un syst\u00e8me de <\/span><span class=\"s2\"><b>production \u00e0 l\u2019avant-garde, <\/b><\/span><span class=\"s1\">o\u00f9 <\/span><span class=\"s2\"><b>tradition<\/b><\/span><span class=\"s1\"> et <\/span><span class=\"s2\"><b>innovation <\/b><\/span><span class=\"s1\">se compl\u00e8tent \u00e0 la perfection pour cr\u00e9er des<\/span><span class=\"s2\"><b> produits s\u00fbrs, sains et certifi\u00e9s<\/b><\/span><span class=\"s1\">. Une qualit\u00e9 qui repr\u00e9sente au mieux les saveurs les plus authentiques de la terre de Mantoue.<\/span><\/p>\n<p class=\"p1\"><span class=\"s1\">Le <\/span><span class=\"s2\"><b>Grana Padano<\/b><\/span><span class=\"s1\"> que nous produisons est un fromage italien \u00e0 <\/span><span class=\"s2\"><b>D\u00e9nomination d\u2019origine prot\u00e9g\u00e9e (DOP)<\/b><\/span><span class=\"s1\">, et toutes les phases importantes de la fili\u00e8re de production (\u00e9levage et traite des vaches, r\u00e9colte et transformation du lait en fromage, affinage, emballage et r\u00e2page) sont effectu\u00e9es dans la <\/span><span class=\"s2\"><b>zone d\u2019origine<\/b><\/span><span class=\"s1\">.<\/span><\/p>\n<p><\/p>","protected":false},"excerpt":{"rendered":"<p>D\u00e9sol\u00e9, cet article est seulement disponible en Italiano.<\/p>\n","protected":false},"author":1,"featured_media":647,"parent":0,"menu_order":0,"comment_status":"closed","ping_status":"closed","template":"","meta":{"footnotes":""},"class_list":["post-13","page","type-page","status-publish","has-post-thumbnail","hentry"],"_links":{"self":[{"href":"https:\/\/staging.lsmgroup.it\/fr\/wp-json\/wp\/v2\/pages\/13","targetHints":{"allow":["GET"]}}],"collection":[{"href":"https:\/\/staging.lsmgroup.it\/fr\/wp-json\/wp\/v2\/pages"}],"about":[{"href":"https:\/\/staging.lsmgroup.it\/fr\/wp-json\/wp\/v2\/types\/page"}],"author":[{"embeddable":true,"href":"https:\/\/staging.lsmgroup.it\/fr\/wp-json\/wp\/v2\/users\/1"}],"replies":[{"embeddable":true,"href":"https:\/\/staging.lsmgroup.it\/fr\/wp-json\/wp\/v2\/comments?post=13"}],"version-history":[{"count":42,"href":"https:\/\/staging.lsmgroup.it\/fr\/wp-json\/wp\/v2\/pages\/13\/revisions"}],"predecessor-version":[{"id":1541,"href":"https:\/\/staging.lsmgroup.it\/fr\/wp-json\/wp\/v2\/pages\/13\/revisions\/1541"}],"wp:featuredmedia":[{"embeddable":true,"href":"https:\/\/staging.lsmgroup.it\/fr\/wp-json\/wp\/v2\/media\/647"}],"wp:attachment":[{"href":"https:\/\/staging.lsmgroup.it\/fr\/wp-json\/wp\/v2\/media?parent=13"}],"curies":[{"name":"wp","href":"https:\/\/api.w.org\/{rel}","templated":true}]}}