{"id":117,"date":"2016-04-26T01:36:49","date_gmt":"2016-04-25T23:36:49","guid":{"rendered":"http:\/\/lsmgroup.it\/?page_id=117"},"modified":"2024-07-09T17:33:52","modified_gmt":"2024-07-09T15:33:52","slug":"grana-padano","status":"publish","type":"page","link":"https:\/\/staging.lsmgroup.it\/fr\/produits\/grana-padano\/","title":{"rendered":"Grana Padano"},"content":{"rendered":"<p>Le Grana Padano est un aliment aux propri\u00e9t\u00e9s b\u00e9n\u00e9fiques prouv\u00e9es. Il a des effets positifs sur des fonctions particuli\u00e8res de l\u2019organisme, en plus de sa forte valeur nutritive de base, am\u00e9liorant le <strong>bien-\u00eatre <\/strong>de ceux qui le consomment. <strong>Facilement digestible<\/strong>, hypoallerg\u00e9nique, riche en prot\u00e9ines, calcium et phosphore, il convient \u00e0 tous les consommateurs, quel que soit leur \u00e2ge. Le <strong>Grana Padano de LSM Group est d\u00e9licieux.<br \/>\n<\/strong><\/p>\n<p><!--more--><\/p>\n<p>Un produit de renom, \u00e0 la saveur unique et incomparable, fruit de l\u2019antique tradition de la r\u00e9gion de Mantoue.<\/p>\n<p>Chaque matricule (MN 427, MN 437, MN 473) pr\u00e9sente des nuances de qualit\u00e9 et de go\u00fbt exceptionnelles qui ont contribu\u00e9 \u00e0 faire de notre Grana Padano l\u2019un des plus r\u00e9compens\u00e9s au monde.<\/p>\n<p>Disponible dans ces <strong>trois marques<\/strong>\u00a0:<strong><br \/>\nLatteria Sociale Mantova;<br \/>\nSan Sebastiano;<br \/>\nSanta Maria Formigada.<\/strong><\/p>","protected":false},"excerpt":{"rendered":"<p>D\u00e9sol\u00e9, cet article est seulement disponible en Italiano.<\/p>\n","protected":false},"author":1,"featured_media":457,"parent":11,"menu_order":0,"comment_status":"closed","ping_status":"closed","template":"tpl-products.php","meta":{"footnotes":""},"class_list":["post-117","page","type-page","status-publish","has-post-thumbnail","hentry"],"_links":{"self":[{"href":"https:\/\/staging.lsmgroup.it\/fr\/wp-json\/wp\/v2\/pages\/117","targetHints":{"allow":["GET"]}}],"collection":[{"href":"https:\/\/staging.lsmgroup.it\/fr\/wp-json\/wp\/v2\/pages"}],"about":[{"href":"https:\/\/staging.lsmgroup.it\/fr\/wp-json\/wp\/v2\/types\/page"}],"author":[{"embeddable":true,"href":"https:\/\/staging.lsmgroup.it\/fr\/wp-json\/wp\/v2\/users\/1"}],"replies":[{"embeddable":true,"href":"https:\/\/staging.lsmgroup.it\/fr\/wp-json\/wp\/v2\/comments?post=117"}],"version-history":[{"count":50,"href":"https:\/\/staging.lsmgroup.it\/fr\/wp-json\/wp\/v2\/pages\/117\/revisions"}],"predecessor-version":[{"id":2276,"href":"https:\/\/staging.lsmgroup.it\/fr\/wp-json\/wp\/v2\/pages\/117\/revisions\/2276"}],"up":[{"embeddable":true,"href":"https:\/\/staging.lsmgroup.it\/fr\/wp-json\/wp\/v2\/pages\/11"}],"wp:featuredmedia":[{"embeddable":true,"href":"https:\/\/staging.lsmgroup.it\/fr\/wp-json\/wp\/v2\/media\/457"}],"wp:attachment":[{"href":"https:\/\/staging.lsmgroup.it\/fr\/wp-json\/wp\/v2\/media?parent=117"}],"curies":[{"name":"wp","href":"https:\/\/api.w.org\/{rel}","templated":true}]}}