{"id":13,"date":"2016-04-21T04:10:38","date_gmt":"2016-04-21T02:10:38","guid":{"rendered":"http:\/\/lsmgroup.it\/?page_id=13"},"modified":"2019-02-01T17:34:08","modified_gmt":"2019-02-01T16:34:08","slug":"filiere","status":"publish","type":"page","link":"https:\/\/staging.lsmgroup.it\/de\/produktionskette\/","title":{"rendered":"PRODUKTIONSKETTE"},"content":{"rendered":"<p><\/p>\n<p class=\"p1\"><span class=\"s1\">F\u00fcr die Latteria Sociale Mantova bedeutet Qualit\u00e4t, \u00fcber ein <b>fortschrittliches Produktionssystem<\/b> zu verf\u00fcgen, in dem sich <b>Tradition<\/b> und <b>Innovation<\/b> perfekt integrieren, um <b>sichere, naturreine und zertifizierte Produkte<\/b> herzustellen. Qualit\u00e4t, die die authentischsten Geschm\u00e4cke des mantuanischen Landes am besten darstellt.<\/span><\/p>\n<p><!--more--><\/p>\n<p class=\"p1\"><span class=\"s1\">Der von uns produzierte <b>Grana Padano<\/b> ist ein italienischer K\u00e4se mit <b>gesch\u00fctzter Ursprungsbezeichnung (gU)<\/b> und alle wesentlichen Phasen der Produktionskette (Zucht und Melken der K\u00fche, Sammeln der Milch, Verarbeitung zu K\u00e4se, Reifung, Verpacken und Reiben) vollziehen sich in der <b>Herkunftszone<\/b>.<\/span><\/p>\n<p><\/p>","protected":false},"excerpt":{"rendered":"<p>Leider ist der Eintrag nur auf Italiano verf\u00fcgbar.<\/p>\n","protected":false},"author":1,"featured_media":647,"parent":0,"menu_order":0,"comment_status":"closed","ping_status":"closed","template":"","meta":{"footnotes":""},"class_list":["post-13","page","type-page","status-publish","has-post-thumbnail","hentry"],"_links":{"self":[{"href":"https:\/\/staging.lsmgroup.it\/de\/wp-json\/wp\/v2\/pages\/13","targetHints":{"allow":["GET"]}}],"collection":[{"href":"https:\/\/staging.lsmgroup.it\/de\/wp-json\/wp\/v2\/pages"}],"about":[{"href":"https:\/\/staging.lsmgroup.it\/de\/wp-json\/wp\/v2\/types\/page"}],"author":[{"embeddable":true,"href":"https:\/\/staging.lsmgroup.it\/de\/wp-json\/wp\/v2\/users\/1"}],"replies":[{"embeddable":true,"href":"https:\/\/staging.lsmgroup.it\/de\/wp-json\/wp\/v2\/comments?post=13"}],"version-history":[{"count":42,"href":"https:\/\/staging.lsmgroup.it\/de\/wp-json\/wp\/v2\/pages\/13\/revisions"}],"predecessor-version":[{"id":1541,"href":"https:\/\/staging.lsmgroup.it\/de\/wp-json\/wp\/v2\/pages\/13\/revisions\/1541"}],"wp:featuredmedia":[{"embeddable":true,"href":"https:\/\/staging.lsmgroup.it\/de\/wp-json\/wp\/v2\/media\/647"}],"wp:attachment":[{"href":"https:\/\/staging.lsmgroup.it\/de\/wp-json\/wp\/v2\/media?parent=13"}],"curies":[{"name":"wp","href":"https:\/\/api.w.org\/{rel}","templated":true}]}}